{"id":7082,"date":"2025-04-27T18:20:11","date_gmt":"2025-04-27T18:20:11","guid":{"rendered":"https:\/\/emakumeak.eus\/emakumeak\/?page_id=7082"},"modified":"2025-04-27T18:34:53","modified_gmt":"2025-04-27T18:34:53","slug":"emakumeak-kongresuaren-laburpena-2023ko-urtarrilak-18-asteazkena","status":"publish","type":"page","link":"https:\/\/emakumeak.eus\/eu\/emakumeak-kongresuaren-laburpena-2023ko-urtarrilak-18-asteazkena\/","title":{"rendered":"2023KO URTARRILAK 18, ASTEAZKENA"},"content":{"rendered":"<div data-elementor-type=\"wp-page\" data-elementor-id=\"7082\" class=\"elementor elementor-7082\" data-elementor-post-type=\"page\">\n\t\t\t\t\t\t<section class=\"elementor-section elementor-top-section elementor-element elementor-element-67224e8 elementor-section-height-min-height elementor-section-boxed elementor-section-height-default elementor-section-items-middle\" data-id=\"67224e8\" data-element_type=\"section\" data-e-type=\"section\" data-settings=\"{&quot;background_background&quot;:&quot;classic&quot;}\">\n\t\t\t\t\t\t\t<div class=\"elementor-background-overlay\"><\/div>\n\t\t\t\t\t\t\t<div class=\"elementor-container elementor-column-gap-default\">\n\t\t\t\t\t<div class=\"elementor-column elementor-col-100 elementor-top-column elementor-element elementor-element-b52f6af\" data-id=\"b52f6af\" data-element_type=\"column\" data-e-type=\"column\">\n\t\t\t<div class=\"elementor-widget-wrap elementor-element-populated\">\n\t\t\t\t\t\t<div class=\"elementor-element elementor-element-62d1316 elementor-widget elementor-widget-heading\" data-id=\"62d1316\" data-element_type=\"widget\" data-e-type=\"widget\" data-widget_type=\"heading.default\">\n\t\t\t\t<div class=\"elementor-widget-container\">\n\t\t\t\t\t<h2 class=\"elementor-heading-title elementor-size-default\">EMAKUMEAK KONGRESUAREN LABURPENA<\/h2>\t\t\t\t<\/div>\n\t\t\t\t<\/div>\n\t\t\t\t<div class=\"elementor-element elementor-element-342423c elementor-widget elementor-widget-heading\" data-id=\"342423c\" data-element_type=\"widget\" data-e-type=\"widget\" data-widget_type=\"heading.default\">\n\t\t\t\t<div class=\"elementor-widget-container\">\n\t\t\t\t\t<h2 class=\"elementor-heading-title elementor-size-default\">2023KO URTARRILAK 18, ASTEAZKENA<\/h2>\t\t\t\t<\/div>\n\t\t\t\t<\/div>\n\t\t\t\t\t<\/div>\n\t\t<\/div>\n\t\t\t\t\t<\/div>\n\t\t<\/section>\n\t\t\t\t<section class=\"elementor-section elementor-top-section elementor-element elementor-element-b3008b1 elementor-section-boxed elementor-section-height-default elementor-section-height-default\" data-id=\"b3008b1\" data-element_type=\"section\" data-e-type=\"section\">\n\t\t\t\t\t\t<div class=\"elementor-container elementor-column-gap-default\">\n\t\t\t\t\t<div class=\"elementor-column elementor-col-100 elementor-top-column elementor-element elementor-element-3b6a23d\" data-id=\"3b6a23d\" data-element_type=\"column\" data-e-type=\"column\">\n\t\t\t<div class=\"elementor-widget-wrap elementor-element-populated\">\n\t\t\t\t\t\t<div class=\"elementor-element elementor-element-a5f68a5 elementor-widget elementor-widget-spacer\" data-id=\"a5f68a5\" data-element_type=\"widget\" data-e-type=\"widget\" data-widget_type=\"spacer.default\">\n\t\t\t\t<div class=\"elementor-widget-container\">\n\t\t\t\t\t\t\t<div class=\"elementor-spacer\">\n\t\t\t<div class=\"elementor-spacer-inner\"><\/div>\n\t\t<\/div>\n\t\t\t\t\t\t<\/div>\n\t\t\t\t<\/div>\n\t\t\t\t<div class=\"elementor-element elementor-element-cbaa0cf elementor-widget elementor-widget-text-editor\" data-id=\"cbaa0cf\" data-element_type=\"widget\" data-e-type=\"widget\" data-widget_type=\"text-editor.default\">\n\t\t\t\t<div class=\"elementor-widget-container\">\n\t\t\t\t\t\t\t\t\t<p><strong>EMAKUMEAK<\/strong> kongresuaren bigarren jardunaldiaren laburpena. <strong>Segolene Royal<\/strong> Frantziako ministro ohiaren eta Poitou-Charentesko Kontseilu Erregionaleko lehendakariaren hitzaldia izan zen gai nagusia. Ondoren, Ekonomia, Zainketa eta Bretxei buruzko hitzaldia egin zen, eta <strong>Cecilia Casta\u00f1ok, Mar\u00eda \u00c1ngeles Dur\u00e1nek<\/strong> eta <strong>I\u00f1aki Garc\u00eda Mazak<\/strong> hartu zuten parte, <strong>Almudena Cacho<\/strong> dinamizatzailearekin batera.<\/p><p>Arratsaldean, komunikabideak eta berdintasuna izan ziren landu beharreko gaiak, <strong>\u00c1frica Baeta, Rosa Mar\u00eda Calaf<\/strong> eta <strong>Paloma del R\u00edo<\/strong> kazetariekin elkarrizketa batean, Teresa Aguil\u00f3 dinamizatzaile lanetan.<\/p><p><strong>EMAKUMEAK<\/strong> Kongresuaren bigarren eguna amaitzeko, \u2018Suz idazten\u2019 dokumentala proiektatu zen.<\/p>\t\t\t\t\t\t\t\t<\/div>\n\t\t\t\t<\/div>\n\t\t\t\t<div class=\"elementor-element elementor-element-b301bf8 elementor-widget elementor-widget-spacer\" data-id=\"b301bf8\" data-element_type=\"widget\" data-e-type=\"widget\" data-widget_type=\"spacer.default\">\n\t\t\t\t<div class=\"elementor-widget-container\">\n\t\t\t\t\t\t\t<div class=\"elementor-spacer\">\n\t\t\t<div class=\"elementor-spacer-inner\"><\/div>\n\t\t<\/div>\n\t\t\t\t\t\t<\/div>\n\t\t\t\t<\/div>\n\t\t\t\t<div class=\"elementor-element elementor-element-92ff67e elementor-widget elementor-widget-heading\" data-id=\"92ff67e\" data-element_type=\"widget\" data-e-type=\"widget\" data-widget_type=\"heading.default\">\n\t\t\t\t<div class=\"elementor-widget-container\">\n\t\t\t\t\t<h2 class=\"elementor-heading-title elementor-size-default\">JARDUNALDIAREN LABURPENA<\/h2>\t\t\t\t<\/div>\n\t\t\t\t<\/div>\n\t\t\t\t<div class=\"elementor-element elementor-element-d2f2afe elementor-widget elementor-widget-image\" data-id=\"d2f2afe\" data-element_type=\"widget\" data-e-type=\"widget\" data-widget_type=\"image.default\">\n\t\t\t\t<div class=\"elementor-widget-container\">\n\t\t\t\t\t\t\t\t\t\t\t\t\t\t\t<img decoding=\"async\" width=\"800\" height=\"9\" src=\"https:\/\/emakumeak.eus\/wp-content\/uploads\/2024\/11\/Rectangle-4-1024x11.png\" class=\"attachment-large size-large wp-image-192\" alt=\"\" srcset=\"https:\/\/emakumeak.eus\/wp-content\/uploads\/2024\/11\/Rectangle-4-1024x11.png 1024w, https:\/\/emakumeak.eus\/wp-content\/uploads\/2024\/11\/Rectangle-4-600x7.png 600w, https:\/\/emakumeak.eus\/wp-content\/uploads\/2024\/11\/Rectangle-4-300x3.png 300w, https:\/\/emakumeak.eus\/wp-content\/uploads\/2024\/11\/Rectangle-4-768x8.png 768w, https:\/\/emakumeak.eus\/wp-content\/uploads\/2024\/11\/Rectangle-4-1536x17.png 1536w, https:\/\/emakumeak.eus\/wp-content\/uploads\/2024\/11\/Rectangle-4.png 1841w\" sizes=\"(max-width: 800px) 100vw, 800px\" \/>\t\t\t\t\t\t\t\t\t\t\t\t\t\t\t<\/div>\n\t\t\t\t<\/div>\n\t\t\t\t<section class=\"elementor-section elementor-inner-section elementor-element elementor-element-5671842 elementor-section-boxed elementor-section-height-default elementor-section-height-default\" data-id=\"5671842\" data-element_type=\"section\" data-e-type=\"section\">\n\t\t\t\t\t\t<div class=\"elementor-container elementor-column-gap-default\">\n\t\t\t\t\t<div class=\"elementor-column elementor-col-16 elementor-inner-column elementor-element elementor-element-776e35e\" data-id=\"776e35e\" data-element_type=\"column\" data-e-type=\"column\">\n\t\t\t<div class=\"elementor-widget-wrap\">\n\t\t\t\t\t\t\t<\/div>\n\t\t<\/div>\n\t\t\t\t<div class=\"elementor-column elementor-col-66 elementor-inner-column elementor-element elementor-element-c4ee41c\" data-id=\"c4ee41c\" data-element_type=\"column\" data-e-type=\"column\">\n\t\t\t<div class=\"elementor-widget-wrap elementor-element-populated\">\n\t\t\t\t\t\t<div class=\"elementor-element elementor-element-96d8ae4 elementor-widget elementor-widget-video\" data-id=\"96d8ae4\" data-element_type=\"widget\" data-e-type=\"widget\" data-settings=\"{&quot;youtube_url&quot;:&quot;https:\\\/\\\/youtu.be\\\/ZqRLn2LQR1o&quot;,&quot;video_type&quot;:&quot;youtube&quot;,&quot;controls&quot;:&quot;yes&quot;}\" data-widget_type=\"video.default\">\n\t\t\t\t<div class=\"elementor-widget-container\">\n\t\t\t\t\t\t\t<div class=\"elementor-wrapper elementor-open-inline\">\n\t\t\t<div class=\"elementor-video\"><\/div>\t\t<\/div>\n\t\t\t\t\t\t<\/div>\n\t\t\t\t<\/div>\n\t\t\t\t\t<\/div>\n\t\t<\/div>\n\t\t\t\t<div class=\"elementor-column elementor-col-16 elementor-inner-column elementor-element elementor-element-9b1f9f9\" data-id=\"9b1f9f9\" data-element_type=\"column\" data-e-type=\"column\">\n\t\t\t<div class=\"elementor-widget-wrap\">\n\t\t\t\t\t\t\t<\/div>\n\t\t<\/div>\n\t\t\t\t\t<\/div>\n\t\t<\/section>\n\t\t\t\t<div class=\"elementor-element elementor-element-43a1927 elementor-widget elementor-widget-spacer\" data-id=\"43a1927\" data-element_type=\"widget\" data-e-type=\"widget\" data-widget_type=\"spacer.default\">\n\t\t\t\t<div class=\"elementor-widget-container\">\n\t\t\t\t\t\t\t<div class=\"elementor-spacer\">\n\t\t\t<div class=\"elementor-spacer-inner\"><\/div>\n\t\t<\/div>\n\t\t\t\t\t\t<\/div>\n\t\t\t\t<\/div>\n\t\t\t\t<div class=\"elementor-element elementor-element-90fe593 elementor-widget elementor-widget-heading\" data-id=\"90fe593\" data-element_type=\"widget\" data-e-type=\"widget\" data-widget_type=\"heading.default\">\n\t\t\t\t<div class=\"elementor-widget-container\">\n\t\t\t\t\t<h2 class=\"elementor-heading-title elementor-size-default\">GOIZEKO SAIOA<\/h2>\t\t\t\t<\/div>\n\t\t\t\t<\/div>\n\t\t\t\t<div class=\"elementor-element elementor-element-80a08cb elementor-widget__width-initial elementor-widget elementor-widget-image\" data-id=\"80a08cb\" data-element_type=\"widget\" data-e-type=\"widget\" data-widget_type=\"image.default\">\n\t\t\t\t<div class=\"elementor-widget-container\">\n\t\t\t\t\t\t\t\t\t\t\t\t\t\t\t<img decoding=\"async\" width=\"800\" height=\"9\" src=\"https:\/\/emakumeak.eus\/wp-content\/uploads\/2024\/11\/Rectangle-4-1024x11.png\" class=\"attachment-large size-large wp-image-192\" alt=\"\" srcset=\"https:\/\/emakumeak.eus\/wp-content\/uploads\/2024\/11\/Rectangle-4-1024x11.png 1024w, https:\/\/emakumeak.eus\/wp-content\/uploads\/2024\/11\/Rectangle-4-600x7.png 600w, https:\/\/emakumeak.eus\/wp-content\/uploads\/2024\/11\/Rectangle-4-300x3.png 300w, https:\/\/emakumeak.eus\/wp-content\/uploads\/2024\/11\/Rectangle-4-768x8.png 768w, https:\/\/emakumeak.eus\/wp-content\/uploads\/2024\/11\/Rectangle-4-1536x17.png 1536w, https:\/\/emakumeak.eus\/wp-content\/uploads\/2024\/11\/Rectangle-4.png 1841w\" sizes=\"(max-width: 800px) 100vw, 800px\" \/>\t\t\t\t\t\t\t\t\t\t\t\t\t\t\t<\/div>\n\t\t\t\t<\/div>\n\t\t\t\t<section class=\"elementor-section elementor-inner-section elementor-element elementor-element-f57c641 elementor-section-boxed elementor-section-height-default elementor-section-height-default\" data-id=\"f57c641\" data-element_type=\"section\" data-e-type=\"section\">\n\t\t\t\t\t\t<div class=\"elementor-container elementor-column-gap-default\">\n\t\t\t\t\t<div class=\"elementor-column elementor-col-50 elementor-inner-column elementor-element elementor-element-9c12b9e\" data-id=\"9c12b9e\" data-element_type=\"column\" data-e-type=\"column\">\n\t\t\t<div class=\"elementor-widget-wrap elementor-element-populated\">\n\t\t\t\t\t\t<div class=\"elementor-element elementor-element-2cba331 elementor-widget elementor-widget-video\" data-id=\"2cba331\" data-element_type=\"widget\" data-e-type=\"widget\" data-settings=\"{&quot;youtube_url&quot;:&quot;https:\\\/\\\/youtu.be\\\/hj_tKL09c3Y&quot;,&quot;video_type&quot;:&quot;youtube&quot;,&quot;controls&quot;:&quot;yes&quot;}\" data-widget_type=\"video.default\">\n\t\t\t\t<div class=\"elementor-widget-container\">\n\t\t\t\t\t\t\t<div class=\"elementor-wrapper elementor-open-inline\">\n\t\t\t<div class=\"elementor-video\"><\/div>\t\t<\/div>\n\t\t\t\t\t\t<\/div>\n\t\t\t\t<\/div>\n\t\t\t\t<div class=\"elementor-element elementor-element-d77b98f elementor-widget elementor-widget-heading\" data-id=\"d77b98f\" data-element_type=\"widget\" data-e-type=\"widget\" data-widget_type=\"heading.default\">\n\t\t\t\t<div class=\"elementor-widget-container\">\n\t\t\t\t\t<h2 class=\"elementor-heading-title elementor-size-default\">Hitzaldia<\/h2>\t\t\t\t<\/div>\n\t\t\t\t<\/div>\n\t\t\t\t<div class=\"elementor-element elementor-element-edabde7 elementor-widget elementor-widget-heading\" data-id=\"edabde7\" data-element_type=\"widget\" data-e-type=\"widget\" data-widget_type=\"heading.default\">\n\t\t\t\t<div class=\"elementor-widget-container\">\n\t\t\t\t\t<h2 class=\"elementor-heading-title elementor-size-default\">S\u00c9GOL\u00c8NE ROYAL<\/h2>\t\t\t\t<\/div>\n\t\t\t\t<\/div>\n\t\t\t\t<div class=\"elementor-element elementor-element-0951021 elementor-widget elementor-widget-heading\" data-id=\"0951021\" data-element_type=\"widget\" data-e-type=\"widget\" data-widget_type=\"heading.default\">\n\t\t\t\t<div class=\"elementor-widget-container\">\n\t\t\t\t\t<h2 class=\"elementor-heading-title elementor-size-default\">Frantziako ministro ohia eta Poitou-Charentesko Kontseilu Erregionaleko lehendakaria<\/h2>\t\t\t\t<\/div>\n\t\t\t\t<\/div>\n\t\t\t\t\t<\/div>\n\t\t<\/div>\n\t\t\t\t<div class=\"elementor-column elementor-col-50 elementor-inner-column elementor-element elementor-element-78ee66d\" data-id=\"78ee66d\" data-element_type=\"column\" data-e-type=\"column\">\n\t\t\t<div class=\"elementor-widget-wrap elementor-element-populated\">\n\t\t\t\t\t\t<div class=\"elementor-element elementor-element-727f1e4 elementor-widget elementor-widget-video\" data-id=\"727f1e4\" data-element_type=\"widget\" data-e-type=\"widget\" data-settings=\"{&quot;youtube_url&quot;:&quot;https:\\\/\\\/youtu.be\\\/0ZAtqYMCbhc&quot;,&quot;video_type&quot;:&quot;youtube&quot;,&quot;controls&quot;:&quot;yes&quot;}\" data-widget_type=\"video.default\">\n\t\t\t\t<div class=\"elementor-widget-container\">\n\t\t\t\t\t\t\t<div class=\"elementor-wrapper elementor-open-inline\">\n\t\t\t<div class=\"elementor-video\"><\/div>\t\t<\/div>\n\t\t\t\t\t\t<\/div>\n\t\t\t\t<\/div>\n\t\t\t\t<div class=\"elementor-element elementor-element-7e90a8e elementor-widget elementor-widget-heading\" data-id=\"7e90a8e\" data-element_type=\"widget\" data-e-type=\"widget\" data-widget_type=\"heading.default\">\n\t\t\t\t<div class=\"elementor-widget-container\">\n\t\t\t\t\t<h2 class=\"elementor-heading-title elementor-size-default\">Elkarrizketa<\/h2>\t\t\t\t<\/div>\n\t\t\t\t<\/div>\n\t\t\t\t<div class=\"elementor-element elementor-element-5fc2a8a elementor-widget elementor-widget-heading\" data-id=\"5fc2a8a\" data-element_type=\"widget\" data-e-type=\"widget\" data-widget_type=\"heading.default\">\n\t\t\t\t<div class=\"elementor-widget-container\">\n\t\t\t\t\t<h2 class=\"elementor-heading-title elementor-size-default\">Ekonomia, Zainketak eta Bretxak<\/h2>\t\t\t\t<\/div>\n\t\t\t\t<\/div>\n\t\t\t\t<div class=\"elementor-element elementor-element-cf17ee6 elementor-widget elementor-widget-heading\" data-id=\"cf17ee6\" data-element_type=\"widget\" data-e-type=\"widget\" data-widget_type=\"heading.default\">\n\t\t\t\t<div class=\"elementor-widget-container\">\n\t\t\t\t\t<h2 class=\"elementor-heading-title elementor-size-default\">Cecilia Casta\u00f1o, Mar\u00eda \u00c1ngeles Dur\u00e1n eta I\u00f1aki Garc\u00eda Maza<br>\nDinamizatzailea: Almudena Cacho<\/h2>\t\t\t\t<\/div>\n\t\t\t\t<\/div>\n\t\t\t\t\t<\/div>\n\t\t<\/div>\n\t\t\t\t\t<\/div>\n\t\t<\/section>\n\t\t\t\t<div class=\"elementor-element elementor-element-4420934 elementor-widget elementor-widget-spacer\" data-id=\"4420934\" data-element_type=\"widget\" data-e-type=\"widget\" data-widget_type=\"spacer.default\">\n\t\t\t\t<div class=\"elementor-widget-container\">\n\t\t\t\t\t\t\t<div class=\"elementor-spacer\">\n\t\t\t<div class=\"elementor-spacer-inner\"><\/div>\n\t\t<\/div>\n\t\t\t\t\t\t<\/div>\n\t\t\t\t<\/div>\n\t\t\t\t<div class=\"elementor-element elementor-element-e1e5590 elementor-widget elementor-widget-heading\" data-id=\"e1e5590\" data-element_type=\"widget\" data-e-type=\"widget\" data-widget_type=\"heading.default\">\n\t\t\t\t<div class=\"elementor-widget-container\">\n\t\t\t\t\t<h2 class=\"elementor-heading-title elementor-size-default\">ARRATSALDEKO SASOIA<\/h2>\t\t\t\t<\/div>\n\t\t\t\t<\/div>\n\t\t\t\t<div class=\"elementor-element elementor-element-3cfd206 elementor-widget__width-initial elementor-widget elementor-widget-image\" data-id=\"3cfd206\" data-element_type=\"widget\" data-e-type=\"widget\" data-widget_type=\"image.default\">\n\t\t\t\t<div class=\"elementor-widget-container\">\n\t\t\t\t\t\t\t\t\t\t\t\t\t\t\t<img decoding=\"async\" width=\"800\" height=\"9\" src=\"https:\/\/emakumeak.eus\/wp-content\/uploads\/2024\/11\/Rectangle-4-1024x11.png\" class=\"attachment-large size-large wp-image-192\" alt=\"\" srcset=\"https:\/\/emakumeak.eus\/wp-content\/uploads\/2024\/11\/Rectangle-4-1024x11.png 1024w, https:\/\/emakumeak.eus\/wp-content\/uploads\/2024\/11\/Rectangle-4-600x7.png 600w, https:\/\/emakumeak.eus\/wp-content\/uploads\/2024\/11\/Rectangle-4-300x3.png 300w, https:\/\/emakumeak.eus\/wp-content\/uploads\/2024\/11\/Rectangle-4-768x8.png 768w, https:\/\/emakumeak.eus\/wp-content\/uploads\/2024\/11\/Rectangle-4-1536x17.png 1536w, https:\/\/emakumeak.eus\/wp-content\/uploads\/2024\/11\/Rectangle-4.png 1841w\" sizes=\"(max-width: 800px) 100vw, 800px\" \/>\t\t\t\t\t\t\t\t\t\t\t\t\t\t\t<\/div>\n\t\t\t\t<\/div>\n\t\t\t\t<section class=\"elementor-section elementor-inner-section elementor-element elementor-element-fd93864 elementor-section-boxed elementor-section-height-default elementor-section-height-default\" data-id=\"fd93864\" data-element_type=\"section\" data-e-type=\"section\">\n\t\t\t\t\t\t<div class=\"elementor-container elementor-column-gap-default\">\n\t\t\t\t\t<div class=\"elementor-column elementor-col-50 elementor-inner-column elementor-element elementor-element-d4a201c\" data-id=\"d4a201c\" data-element_type=\"column\" data-e-type=\"column\">\n\t\t\t<div class=\"elementor-widget-wrap elementor-element-populated\">\n\t\t\t\t\t\t<div class=\"elementor-element elementor-element-82543d5 elementor-widget elementor-widget-video\" data-id=\"82543d5\" data-element_type=\"widget\" data-e-type=\"widget\" data-settings=\"{&quot;youtube_url&quot;:&quot;https:\\\/\\\/youtu.be\\\/Pcl0Sy_ROFc&quot;,&quot;video_type&quot;:&quot;youtube&quot;,&quot;controls&quot;:&quot;yes&quot;}\" data-widget_type=\"video.default\">\n\t\t\t\t<div class=\"elementor-widget-container\">\n\t\t\t\t\t\t\t<div class=\"elementor-wrapper elementor-open-inline\">\n\t\t\t<div class=\"elementor-video\"><\/div>\t\t<\/div>\n\t\t\t\t\t\t<\/div>\n\t\t\t\t<\/div>\n\t\t\t\t<div class=\"elementor-element elementor-element-9eadab9 elementor-widget elementor-widget-heading\" data-id=\"9eadab9\" data-element_type=\"widget\" data-e-type=\"widget\" data-widget_type=\"heading.default\">\n\t\t\t\t<div class=\"elementor-widget-container\">\n\t\t\t\t\t<h2 class=\"elementor-heading-title elementor-size-default\">Elkarrizketa<\/h2>\t\t\t\t<\/div>\n\t\t\t\t<\/div>\n\t\t\t\t<div class=\"elementor-element elementor-element-5f53d88 elementor-widget elementor-widget-heading\" data-id=\"5f53d88\" data-element_type=\"widget\" data-e-type=\"widget\" data-widget_type=\"heading.default\">\n\t\t\t\t<div class=\"elementor-widget-container\">\n\t\t\t\t\t<h2 class=\"elementor-heading-title elementor-size-default\">Komunikabideak eta berdintasuna<\/h2>\t\t\t\t<\/div>\n\t\t\t\t<\/div>\n\t\t\t\t<div class=\"elementor-element elementor-element-740bab6 elementor-widget elementor-widget-heading\" data-id=\"740bab6\" data-element_type=\"widget\" data-e-type=\"widget\" data-widget_type=\"heading.default\">\n\t\t\t\t<div class=\"elementor-widget-container\">\n\t\t\t\t\t<h2 class=\"elementor-heading-title elementor-size-default\">\u00c1frica Baeta, Rosa Mar\u00eda Calaf eta Paloma del R\u00edo<br>Dinamizatzailea: Teresa Aguil\u00f3<\/h2>\t\t\t\t<\/div>\n\t\t\t\t<\/div>\n\t\t\t\t\t<\/div>\n\t\t<\/div>\n\t\t\t\t<div class=\"elementor-column elementor-col-50 elementor-inner-column elementor-element elementor-element-45aa7cd\" data-id=\"45aa7cd\" data-element_type=\"column\" data-e-type=\"column\">\n\t\t\t<div class=\"elementor-widget-wrap\">\n\t\t\t\t\t\t\t<\/div>\n\t\t<\/div>\n\t\t\t\t\t<\/div>\n\t\t<\/section>\n\t\t\t\t<div class=\"elementor-element elementor-element-900eed3 elementor-widget elementor-widget-spacer\" data-id=\"900eed3\" data-element_type=\"widget\" data-e-type=\"widget\" data-widget_type=\"spacer.default\">\n\t\t\t\t<div class=\"elementor-widget-container\">\n\t\t\t\t\t\t\t<div class=\"elementor-spacer\">\n\t\t\t<div class=\"elementor-spacer-inner\"><\/div>\n\t\t<\/div>\n\t\t\t\t\t\t<\/div>\n\t\t\t\t<\/div>\n\t\t\t\t<div class=\"elementor-element elementor-element-7c1f30f elementor-widget elementor-widget-heading\" data-id=\"7c1f30f\" data-element_type=\"widget\" data-e-type=\"widget\" data-widget_type=\"heading.default\">\n\t\t\t\t<div class=\"elementor-widget-container\">\n\t\t\t\t\t<h2 class=\"elementor-heading-title elementor-size-default\">GALER\u00cdA DE IM\u00c1GENES<\/h2>\t\t\t\t<\/div>\n\t\t\t\t<\/div>\n\t\t\t\t<div class=\"elementor-element elementor-element-2717ab7 elementor-widget elementor-widget-image\" data-id=\"2717ab7\" data-element_type=\"widget\" data-e-type=\"widget\" data-widget_type=\"image.default\">\n\t\t\t\t<div class=\"elementor-widget-container\">\n\t\t\t\t\t\t\t\t\t\t\t\t\t\t\t<img decoding=\"async\" width=\"800\" height=\"9\" src=\"https:\/\/emakumeak.eus\/wp-content\/uploads\/2024\/11\/Rectangle-4-1024x11.png\" class=\"attachment-large size-large wp-image-192\" alt=\"\" srcset=\"https:\/\/emakumeak.eus\/wp-content\/uploads\/2024\/11\/Rectangle-4-1024x11.png 1024w, https:\/\/emakumeak.eus\/wp-content\/uploads\/2024\/11\/Rectangle-4-600x7.png 600w, https:\/\/emakumeak.eus\/wp-content\/uploads\/2024\/11\/Rectangle-4-300x3.png 300w, https:\/\/emakumeak.eus\/wp-content\/uploads\/2024\/11\/Rectangle-4-768x8.png 768w, https:\/\/emakumeak.eus\/wp-content\/uploads\/2024\/11\/Rectangle-4-1536x17.png 1536w, https:\/\/emakumeak.eus\/wp-content\/uploads\/2024\/11\/Rectangle-4.png 1841w\" sizes=\"(max-width: 800px) 100vw, 800px\" \/>\t\t\t\t\t\t\t\t\t\t\t\t\t\t\t<\/div>\n\t\t\t\t<\/div>\n\t\t\t\t<div class=\"elementor-element elementor-element-bb27495 elementor-widget elementor-widget-spacer\" data-id=\"bb27495\" data-element_type=\"widget\" data-e-type=\"widget\" data-widget_type=\"spacer.default\">\n\t\t\t\t<div class=\"elementor-widget-container\">\n\t\t\t\t\t\t\t<div class=\"elementor-spacer\">\n\t\t\t<div class=\"elementor-spacer-inner\"><\/div>\n\t\t<\/div>\n\t\t\t\t\t\t<\/div>\n\t\t\t\t<\/div>\n\t\t\t\t\t<\/div>\n\t\t<\/div>\n\t\t\t\t\t<\/div>\n\t\t<\/section>\n\t\t\t\t<\/div>","protected":false},"excerpt":{"rendered":"<p>EMAKUMEAK KONGRESUAREN LABURPENA 2023KO URTARRILAK 18, ASTEAZKENA EMAKUMEAK kongresuaren bigarren jardunaldiaren laburpena. Segolene Royal Frantziako ministro ohiaren eta Poitou-Charentesko Kontseilu Erregionaleko lehendakariaren hitzaldia izan zen gai nagusia. Ondoren, Ekonomia, Zainketa eta Bretxei buruzko hitzaldia egin zen, eta Cecilia Casta\u00f1ok, Mar\u00eda \u00c1ngeles Dur\u00e1nek eta I\u00f1aki Garc\u00eda Mazak hartu zuten parte, Almudena Cacho dinamizatzailearekin batera. Arratsaldean, komunikabideak [&hellip;]<\/p>","protected":false},"author":2,"featured_media":0,"parent":0,"menu_order":0,"comment_status":"closed","ping_status":"closed","template":"elementor_header_footer","meta":{"_acf_changed":false,"footnotes":""},"class_list":["post-7082","page","type-page","status-publish","hentry"],"acf":[],"_links":{"self":[{"href":"https:\/\/emakumeak.eus\/eu\/wp-json\/wp\/v2\/pages\/7082","targetHints":{"allow":["GET"]}}],"collection":[{"href":"https:\/\/emakumeak.eus\/eu\/wp-json\/wp\/v2\/pages"}],"about":[{"href":"https:\/\/emakumeak.eus\/eu\/wp-json\/wp\/v2\/types\/page"}],"author":[{"embeddable":true,"href":"https:\/\/emakumeak.eus\/eu\/wp-json\/wp\/v2\/users\/2"}],"replies":[{"embeddable":true,"href":"https:\/\/emakumeak.eus\/eu\/wp-json\/wp\/v2\/comments?post=7082"}],"version-history":[{"count":8,"href":"https:\/\/emakumeak.eus\/eu\/wp-json\/wp\/v2\/pages\/7082\/revisions"}],"predecessor-version":[{"id":7108,"href":"https:\/\/emakumeak.eus\/eu\/wp-json\/wp\/v2\/pages\/7082\/revisions\/7108"}],"wp:attachment":[{"href":"https:\/\/emakumeak.eus\/eu\/wp-json\/wp\/v2\/media?parent=7082"}],"curies":[{"name":"wp","href":"https:\/\/api.w.org\/{rel}","templated":true}]}}